{"id":3,"date":"2020-02-18T14:27:17","date_gmt":"2020-02-18T13:27:17","guid":{"rendered":"https:\/\/dev.accel-na.fr\/?page_id=3"},"modified":"2020-04-09T15:04:12","modified_gmt":"2020-04-09T13:04:12","slug":"mentions-legales","status":"publish","type":"page","link":"https:\/\/dev.accel-na.fr\/index.php\/mentions-legales\/","title":{"rendered":"Mentions l\u00e9gales"},"content":{"rendered":"<div class=\"fusion-fullwidth fullwidth-box fusion-builder-row-1 nonhundred-percent-fullwidth non-hundred-percent-height-scrolling\" style=\"background-color: rgba(255,255,255,0);background-position: center center;background-repeat: no-repeat;padding-top:0px;padding-right:0px;padding-bottom:0px;padding-left:0px;margin-bottom: 0px;margin-top: 0px;border-width: 0px 0px 0px 0px;border-color:#eae9e9;border-style:solid;\" ><div class=\"fusion-builder-row fusion-row\"><div class=\"fusion-layout-column fusion_builder_column fusion-builder-column-0 fusion_builder_column_1_1 1_1 fusion-one-full fusion-column-first fusion-column-last\" style=\"margin-top:0px;margin-bottom:0px;\"><div class=\"fusion-column-wrapper fusion-flex-column-wrapper-legacy\" style=\"background-position:left top;background-repeat:no-repeat;-webkit-background-size:cover;-moz-background-size:cover;-o-background-size:cover;background-size:cover;padding: 0px 0px 0px 0px;\"><div class=\"fusion-text fusion-text-1\"><\/p>\n<h1 class=\"wp-block-heading\">Mentions l\u00e9gales<\/h1>\n<p>Merci de lire attentivement les pr\u00e9sentes modalit\u00e9s d\u2019utilisation du pr\u00e9sent site avant de le parcourir. En vous connectant sur ce site, vous acceptez sans r\u00e9serve les modalit\u00e9s d\u2019utilisation d\u00e9crites plus bas. Merci d\u2019en prendre connaissance.<\/p>\n<h2>\u00c9diteur du site<\/h2>\n<\/p>\n<p><strong>Agence de D\u00e9veloppement et Innovation Nouvelle-Aquitaine<\/strong><br \/>6 All\u00e9e du Doyen Georges Brus<br \/>33600 Pessac<br \/>T\u00e9l. : <a href=\"tel:0557578488\">+ 33 (0)5 57 57 84 88<\/a><br \/>contact@adi-na.fr<\/p>\n<\/p>\n<h2 class=\"wp-block-heading\">Conditions d\u2019utilisation<\/h2>\n<\/p>\n<p>Le site accessible par l\u2019url suivant : <a href=\"https:\/\/dev.accel-na.fr\/\">www.accel-na.fr<\/a> est exploit\u00e9 dans le respect de la l\u00e9gislation fran\u00e7aise. L\u2019utilisation de ce site est r\u00e9gie par les pr\u00e9sentes conditions g\u00e9n\u00e9rales. En utilisant le site, vous reconnaissez avoir pris connaissance de ces conditions et les avoir accept\u00e9es. Celles-ci pourront \u00eatre modifi\u00e9es \u00e0 tout moment et sans pr\u00e9avis par l\u2019Agence de D\u00e9veloppement et d\u2019Innovation Nouvelle-Aquitaine.<br \/>L\u2019Agence de D\u00e9veloppement et d\u2019Innovation Nouvelle-Aquitaine ne saurait \u00eatre tenue pour responsable en aucune mani\u00e8re d\u2019une mauvaise utilisation du service.<\/p>\n<\/p>\n<h2 class=\"wp-block-heading\">Responsable \u00e9ditorial<\/h2>\n<\/p>\n<p><strong>Vincent Bost<\/strong><br \/>Agence de D\u00e9veloppement et d\u2019Innovation Nouvelle-Aquitaine<br \/>6 All\u00e9e du Doyen Georges Brus<br \/>33600 Pessac<br \/>T\u00e9l. : <a href=\"tel:0557578488\">+ 33 (0)5 57 57 84 88<\/a><br \/>contact@adi-na.fr<\/p>\n<\/p>\n<h2 class=\"wp-block-heading\">Limitation de responsabilit\u00e9<\/h2>\n<\/p>\n<p>Les informations contenues sur ce site sont aussi pr\u00e9cises que possible. Ce site est p\u00e9riodiquement remis \u00e0 jour. Il peut toutefois contenir des inexactitudes, des omissions ou des lacunes. Si vous constatez une lacune, erreur ou ce qui parait \u00eatre un dysfonctionnement, merci de bien vouloir le signaler par email en d\u00e9crivant le probl\u00e8me de la mani\u00e8re la plus pr\u00e9cise possible (page posant probl\u00e8me, action d\u00e9clenchante, type d\u2019ordinateur et de navigateur utilis\u00e9 \u2026).<\/p>\n<p>Le t\u00e9l\u00e9chargement de contenus se fait aux risques et p\u00e9rils de l\u2019utilisateur et sous sa seule responsabilit\u00e9. En cons\u00e9quence, l\u2019Agence de D\u00e9veloppement et d\u2019Innovation Nouvelle-Aquitaine ne saurait \u00eatre tenue responsable d\u2019un quelconque dommage subi par l\u2019ordinateur de l\u2019utilisateur ou d\u2019une quelconque perte de donn\u00e9es cons\u00e9cutives au t\u00e9l\u00e9chargement.<\/p>\n<p>Les photos sont non contractuelles.<\/p>\n<p>Les liens hypertextes contenus dans ce site internet en direction d\u2019autres ressources pr\u00e9sentes sur le r\u00e9seau Internet ne sauraient engager la responsabilit\u00e9 de l\u2019Agence de D\u00e9veloppement et d\u2019Innovation Nouvelle-Aquitaine.<\/p>\n<\/p>\n<h2 class=\"wp-block-heading\">Litiges<\/h2>\n<\/p>\n<p>Les pr\u00e9sentes conditions sont r\u00e9gies par les lois fran\u00e7aises et toutes contestations ou litiges qui pourraient naitre de l\u2019interpr\u00e9tation ou de l\u2019ex\u00e9cution de celles-ci seront de la comp\u00e9tence exclusive des tribunaux dont d\u00e9pend le si\u00e8ge social de l\u2019Agence de D\u00e9veloppement et d\u2019Innovation Nouvelle-Aquitaine. La langue de r\u00e9f\u00e9rence, pour le r\u00e8glement de contentieux \u00e9ventuels, est le fran\u00e7ais.<\/p>\n<\/p>\n<h2 class=\"wp-block-heading\">Propri\u00e9t\u00e9 intellectuelle<\/h2>\n<p>Tout le contenu du pr\u00e9sent site, incluant, de fa\u00e7on non limitative, les graphismes, images, textes, vid\u00e9os, animations, sons, logos, gifs et ic\u00f4nes ainsi que leur mise en forme sont la propri\u00e9t\u00e9 exclusive de l\u2019Agence de D\u00e9veloppement et d\u2019Innovation Nouvelle-Aquitaine \u00e0 l\u2019exception des marques, logos ou contenus appartenant \u00e0 d\u2019autres soci\u00e9t\u00e9s partenaires ou auteurs.<br \/>Toute reproduction, distribution, modification, adaptation, retransmission ou publication, m\u00eame partielle, de ces diff\u00e9rents \u00e9l\u00e9ments est strictement interdite sans l\u2019accord express par \u00e9crit de l\u2019Agence de D\u00e9veloppement et d\u2019Innovation Nouvelle-Aquitaine. Cette repr\u00e9sentation ou reproduction, par quelque proc\u00e9d\u00e9 que ce soit, constitue une contrefa\u00e7on sanctionn\u00e9e par les articles L.3335-2 et suivants du Code de la propri\u00e9t\u00e9 intellectuelle. Le non-respect de cette interdiction constitue une contrefa\u00e7on pouvant engager la responsabilit\u00e9 civile et p\u00e9nale du contrefacteur. En outre, les propri\u00e9taires des contenus copi\u00e9s pourraient intenter une action en justice \u00e0 votre encontre.<\/p>\n<p>L\u2019Agence de D\u00e9veloppement et d\u2019Innovation Nouvelle-Aquitaine est identiquement propri\u00e9taire des \u00ab\u00a0droits des producteurs de bases de donn\u00e9es\u00a0\u00bb vis\u00e9s au Livre III, Titre IV, du Code de la Propri\u00e9t\u00e9 Intellectuelle (loi n\u00b0 98-536 du 1er juillet 1998) relative aux droits d\u2019auteur et aux bases de donn\u00e9es.<\/p>\n<p>Les utilisateurs et visiteurs du site internet peuvent mettre en place un hyperlien en direction de ce site.<\/p>\n<p>Pour toute demande d\u2019autorisation ou d\u2019information, veuillez nous contacter par email\u00a0: contact@adi-na.fr. Des conditions sp\u00e9cifiques sont pr\u00e9vues pour la presse.<\/p>\n<\/p>\n<h2 class=\"wp-block-heading\">Images et Polices<\/h2>\n<p>Notre site utilise des\u00a0<strong>images\u00a0<\/strong>dont nous avons acquis les droits (droits r\u00e9serv\u00e9s).<\/p>\n<\/p>\n<\/p>\n<\/p>\n<h2 class=\"wp-block-heading\">H\u00e9bergeur<\/h2>\n<\/p>\n<p>Les serveurs des Sites sont h\u00e9berg\u00e9s par :<br \/><a href=\"http:\/\/www.ovh.com\/\">OVH<\/a>Cloud<br \/>2 rue Kellermann<br \/>59100 Roubaix<br \/>France<\/p>\n<\/p>\n<h2 class=\"wp-block-heading\">Collecte de donn\u00e9es personnelles par formulaire<\/h2>\n<\/p>\n<p>ADI-NA attache une importance toute particuli\u00e8re au respect de la vie priv\u00e9e et de vos donn\u00e9es personnelles. Vous pouvez transmettre volontairement vos coordonn\u00e9es (entreprise, fonction, nom, pr\u00e9nom, adresse email et t\u00e9l\u00e9phone) lorsque vous compl\u00e9tez le formulaire de contact. Ces informations sont collect\u00e9es uniquement dans le cadre de cette demande de contact.<\/p>\n<p>Les donn\u00e9es personnelles brutes que vous fournissez sont destin\u00e9es \u00e0\u00a0ADI-NA.<\/p>\n<p>Conform\u00e9ment \u00e0 la Loi Informatique et Libert\u00e9s du 6 janvier 1978 modifi\u00e9e en 2004, les personnes concern\u00e9es b\u00e9n\u00e9ficient d\u2019un droit d\u2019acc\u00e8s et de rectification aux informations qui les concernent. Pour exercer un tel droit, l\u2019adresse suivante est mise \u00e0 disposition de l\u2019internaute\u00a0<a href=\"mailto:dpo@adi-na.fr\">dpo@adi-na.fr<\/a><\/p>\n<p>L\u2019internaute peut \u00e9galement, pour des motifs l\u00e9gitimes, s\u2019opposer au traitement des donn\u00e9es le concernant.<\/p>\n<p>Les donn\u00e9es personnelles sont h\u00e9berg\u00e9es au sein de l\u2019Union europ\u00e9enne.<\/p>\n<\/p>\n<h2 class=\"wp-block-heading\">Cookies<\/h2>\n<p>Ce site n\u2019utilise pas de cookies \u00e0 des fins de tra\u00e7ages de son audience. Les seuls cookies pr\u00e9sents sur ce site sont des cookies dit \u00ab\u00a0fonctionnels\u00a0\u00bb qui permettent uniquement le bon fonctionnement de ce site.<\/p>\n<h2>Conditions de service<\/h2>\n<p>Ce site est propos\u00e9 en langages\u00a0<strong>HTML5\u00a0<\/strong>et\u00a0<strong>CSS3<\/strong>. Pour un meilleur confort d\u2019utilisation et un graphisme plus agr\u00e9able, nous vous recommandons de recourir \u00e0 des navigateurs modernes comme Safari, Firefox, Chrome\u2026<\/p>\n<h3>Liens hypertextes<\/h3>\n<p>Les sites internet de\u00a0l\u2019Agence de D\u00e9veloppement et d\u2019Innovation Nouvelle-Aquitaine peuvent offrir des liens vers d\u2019autres sites internet ou d\u2019autres ressources disponibles sur Internet.<\/p>\n<p>L\u2019Agence de D\u00e9veloppement et d\u2019Innovation Nouvelle-Aquitaine ne dispose d\u2019aucun moyen pour contr\u00f4ler les sites en connexion avec ses sites internet. L\u2019Agence de D\u00e9veloppement et d\u2019Innovation Nouvelle-Aquitaine ne r\u00e9pond pas de la disponibilit\u00e9 de tels sites et sources externes, ni ne la garantit. Elle ne peut \u00eatre tenue pour responsable de tout dommage, de quelque nature que ce soit, r\u00e9sultant du contenu de ces sites ou sources externes, et notamment des informations, produits ou services qu\u2019ils proposent, ou de tout usage qui peut \u00eatre fait de ces \u00e9l\u00e9ments. Les risques li\u00e9s \u00e0 cette utilisation incombent pleinement \u00e0 l\u2019internaute, qui doit se conformer \u00e0 leurs conditions d\u2019utilisation.<\/p>\n<p>Les utilisateurs, les abonn\u00e9s et les visiteurs des sites internet de l\u2019Agence de D\u00e9veloppement et d\u2019Innovation Nouvelle-Aquitaine ne peuvent mettre en place un hyperlien en direction de ce site sans l\u2019autorisation expresse et pr\u00e9alable de l\u2019Agence de D\u00e9veloppement et d\u2019Innovation Nouvelle-Aquitaine.<\/p>\n<p>Dans l\u2019hypoth\u00e8se o\u00f9 un utilisateur ou visiteur souhaiterait mettre en place un hyperlien en direction d\u2019un des sites internet de l\u2019Agence de D\u00e9veloppement et d\u2019Innovation Nouvelle-Aquitaine, il lui appartiendra d\u2019adresser un email accessible sur le site afin de formuler sa demande de mise en place d\u2019un hyperlien. L\u2019Agence de D\u00e9veloppement et d\u2019Innovation Nouvelle-Aquitaine r\u00e9serve le droit d\u2019accepter ou de refuser un hyperlien sans avoir \u00e0 en justifier sa d\u00e9cision.<\/p>\n<h3>Recherche<\/h3>\n<p>En outre, le renvoi sur un site internet pour compl\u00e9ter une information recherch\u00e9e ne signifie en aucune fa\u00e7on que\u00a0l\u2019Agence de D\u00e9veloppement et d\u2019Innovation Nouvelle-Aquitaine reconnait ou accepte quelque responsabilit\u00e9 quant \u00e0 la teneur ou \u00e0 l\u2019utilisation dudit site.<\/p>\n<h3>Pr\u00e9cautions d\u2019usage<\/h3>\n<p>Il vous incombe par cons\u00e9quent de prendre les pr\u00e9cautions d\u2019usage n\u00e9cessaires pour vous assurer que ce que vous choisissez d\u2019utiliser ne soit pas entach\u00e9 d\u2019erreurs voire d\u2019\u00e9l\u00e9ments de nature destructrice tels que virus, trojans, etc.<\/p>\n<h3>Responsabilit\u00e9<\/h3>\n<p>Aucune autre garantie n\u2019est accord\u00e9e au client, auquel incombe l\u2019obligation de formuler clairement ses besoins et le devoir de s\u2019informer. Si des informations fournies par l\u2019Agence de D\u00e9veloppement et d\u2019Innovation Nouvelle-Aquitaine apparaissent inexactes, il appartiendra au client de proc\u00e9der lui-m\u00eame \u00e0 toutes v\u00e9rifications de la coh\u00e9rence ou de la vraisemblance des r\u00e9sultats obtenus. L\u2019Agence de D\u00e9veloppement et d\u2019Innovation Nouvelle-Aquitaine ne sera en aucune fa\u00e7on responsable vis-\u00e0-vis des tiers de l\u2019utilisation par le client des informations ou de leur absence contenue dans ses produits y compris un de ses sites Internet.<\/p>\n<h3>Contactez-nous<\/h3>\n<p>L\u2019Agence de D\u00e9veloppement et d\u2019Innovation Nouvelle-Aquitaine est \u00e0 votre disposition pour tous vos commentaires ou suggestions. Vous pouvez nous \u00e9crire en fran\u00e7ais par courrier \u00e9lectronique \u00e0 : contact@adi-na.fr.<\/p>\n<\/p><\/p>\n<\/div><div class=\"fusion-clearfix\"><\/div><\/div><\/div><\/div><\/div>","protected":false},"excerpt":{"rendered":"","protected":false},"author":1,"featured_media":0,"parent":0,"menu_order":0,"comment_status":"closed","ping_status":"open","template":"","meta":{"footnotes":""},"_links":{"self":[{"href":"https:\/\/dev.accel-na.fr\/index.php\/wp-json\/wp\/v2\/pages\/3"}],"collection":[{"href":"https:\/\/dev.accel-na.fr\/index.php\/wp-json\/wp\/v2\/pages"}],"about":[{"href":"https:\/\/dev.accel-na.fr\/index.php\/wp-json\/wp\/v2\/types\/page"}],"author":[{"embeddable":true,"href":"https:\/\/dev.accel-na.fr\/index.php\/wp-json\/wp\/v2\/users\/1"}],"replies":[{"embeddable":true,"href":"https:\/\/dev.accel-na.fr\/index.php\/wp-json\/wp\/v2\/comments?post=3"}],"version-history":[{"count":4,"href":"https:\/\/dev.accel-na.fr\/index.php\/wp-json\/wp\/v2\/pages\/3\/revisions"}],"predecessor-version":[{"id":13772,"href":"https:\/\/dev.accel-na.fr\/index.php\/wp-json\/wp\/v2\/pages\/3\/revisions\/13772"}],"wp:attachment":[{"href":"https:\/\/dev.accel-na.fr\/index.php\/wp-json\/wp\/v2\/media?parent=3"}],"curies":[{"name":"wp","href":"https:\/\/api.w.org\/{rel}","templated":true}]}}